{"id":91,"date":"2022-10-05T23:35:44","date_gmt":"2022-10-05T23:35:44","guid":{"rendered":"https:\/\/ormazabal.rendemy.com\/?page_id=91"},"modified":"2025-10-14T09:59:31","modified_gmt":"2025-10-14T09:59:31","slug":"ormazabal-renders","status":"publish","type":"page","link":"https:\/\/ormazabal.rendemy.com\/","title":{"rendered":"Ormazabal Rendering"},"content":{"rendered":"<!-- wp:themify-builder\/canvas \/-->\n\n<!--themify_builder_static--><h1 style=\"text-align: center;\">Armoires de Coupure \u00c9volutives ORMAPACK \u2013 La Solution Modulaire pour R\u00e9seaux HTA Souterrains Ruraux<\/h1>\n<a href=\"https:\/#\" > D\u00e9couvrir ORMAPACK <\/a>\n<h4>ARMOIRES DE COUPURE<br>\u00c9VOLUTIVES<\/h4> <h1>ormapack<\/h1> <h2>Armoires de coupure<br>et de raccordement<br>\u00e9volutives pour<br>r\u00e9seaux souterrains<br>ruraux HTA<\/h2>\n<img loading=\"lazy\" decoding=\"async\" src=\"https:\/\/ormazabal.rendemy.com\/wp-content\/uploads\/2025\/10\/1CA-605-FR-02-min-1-1024x1020-730x727.png\" width=\"730\" height=\"727\" title=\"1#CA-605-FR-02-min\" alt=\"1#CA-605-FR-02-min\" srcset=\"https:\/\/ormazabal.rendemy.com\/wp-content\/uploads\/2025\/10\/1CA-605-FR-02-min-1-1024x1020-730x727.png 730w, https:\/\/ormazabal.rendemy.com\/wp-content\/uploads\/2025\/10\/1CA-605-FR-02-min-1-300x300.png 300w, https:\/\/ormazabal.rendemy.com\/wp-content\/uploads\/2025\/10\/1CA-605-FR-02-min-1-1024x1020.png 1024w, https:\/\/ormazabal.rendemy.com\/wp-content\/uploads\/2025\/10\/1CA-605-FR-02-min-1-150x150.png 150w, https:\/\/ormazabal.rendemy.com\/wp-content\/uploads\/2025\/10\/1CA-605-FR-02-min-1-768x765.png 768w, https:\/\/ormazabal.rendemy.com\/wp-content\/uploads\/2025\/10\/1CA-605-FR-02-min-1-1536x1530.png 1536w, https:\/\/ormazabal.rendemy.com\/wp-content\/uploads\/2025\/10\/1CA-605-FR-02-min-1.png 1757w\" sizes=\"auto, (max-width: 730px) 100vw, 730px\" \/>\n<h1>\u00a0<\/h1>\n<h2>Armoires de Coupure \u00c9volutives ORMAPACK<\/h2>\n<a href=\"https:\/\/#\" > La Solution Modulaire pour R\u00e9seaux HTA Souterrains Ruraux <\/a>\n<h4>ARMOIRES DE COUPURE<br>\u00c9VOLUTIVES<\/h4> <h1>ormapack<\/h1> <h2>Armoires de coupure<br>et de raccordement<br>\u00e9volutives pour<br>r\u00e9seaux souterrains<br>ruraux HTA<\/h2>\n<img loading=\"lazy\" decoding=\"async\" src=\"https:\/\/ormazabal.rendemy.com\/wp-content\/uploads\/2025\/10\/2CA-605-FR-02-min-1-1020x1024-730x732.png\" width=\"730\" height=\"732\" title=\"2#CA-605-FR-02-min\" alt=\"2#CA-605-FR-02-min\" srcset=\"https:\/\/ormazabal.rendemy.com\/wp-content\/uploads\/2025\/10\/2CA-605-FR-02-min-1-1020x1024-730x732.png 730w, https:\/\/ormazabal.rendemy.com\/wp-content\/uploads\/2025\/10\/2CA-605-FR-02-min-1-300x300.png 300w, https:\/\/ormazabal.rendemy.com\/wp-content\/uploads\/2025\/10\/2CA-605-FR-02-min-1-1020x1024.png 1020w, https:\/\/ormazabal.rendemy.com\/wp-content\/uploads\/2025\/10\/2CA-605-FR-02-min-1-150x150.png 150w, https:\/\/ormazabal.rendemy.com\/wp-content\/uploads\/2025\/10\/2CA-605-FR-02-min-1-768x771.png 768w, https:\/\/ormazabal.rendemy.com\/wp-content\/uploads\/2025\/10\/2CA-605-FR-02-min-1.png 1527w\" sizes=\"auto, (max-width: 730px) 100vw, 730px\" \/>\n<h1>\u00a0<\/h1>\n<h2>Enveloppe en b\u00e9ton fibr\u00e9 avec toit m\u00e9tallique<\/h2>\n<a href=\"https:\/\/#\" > D\u00e9couvrez ormapack <\/a>\n<h4>ARMOIRES DE COUPURE<br>\u00c9VOLUTIVES<\/h4> <h1>ormapack<\/h1> <h2>Conception<\/h2> <ol> <li> <h3>Enveloppe b\u00e9ton<\/h3> <\/li> <li> <h3>Portes d\u00b4acc\u00e8s<\/h3> <\/li> <li> <h3>Trous pour passage<\/h3> <h3>des c\u00e2bles<\/h3> <\/li> <li> <h3>Trottoir de manoeuvre<\/h3> <\/li> <li> <h3>Tableau HTA<\/h3> <\/li> <li> <h3>D\u00e9tecteur de d\u00e9faut HTA<\/h3> <\/li> <li> <h3>Coffret ITI<\/h3> <h3>(variante act et ac3t)<\/h3> <h3>ou coffret EMIS<\/h3> <\/li> <\/ol>\n<img loading=\"lazy\" decoding=\"async\" src=\"https:\/\/ormazabal.rendemy.com\/wp-content\/uploads\/2025\/10\/SENALSCA-605-FR-02-min-1024x1011-730x720.png\" width=\"730\" height=\"720\" title=\"-SE\u00d1ALSCA-605-FR-02-min\" alt=\"-SE\u00d1ALSCA-605-FR-02-min\" srcset=\"https:\/\/ormazabal.rendemy.com\/wp-content\/uploads\/2025\/10\/SENALSCA-605-FR-02-min-1024x1011-730x720.png 730w, https:\/\/ormazabal.rendemy.com\/wp-content\/uploads\/2025\/10\/SENALSCA-605-FR-02-min-300x296.png 300w, https:\/\/ormazabal.rendemy.com\/wp-content\/uploads\/2025\/10\/SENALSCA-605-FR-02-min-1024x1011.png 1024w, https:\/\/ormazabal.rendemy.com\/wp-content\/uploads\/2025\/10\/SENALSCA-605-FR-02-min-768x758.png 768w, https:\/\/ormazabal.rendemy.com\/wp-content\/uploads\/2025\/10\/SENALSCA-605-FR-02-min-1536x1516.png 1536w, https:\/\/ormazabal.rendemy.com\/wp-content\/uploads\/2025\/10\/SENALSCA-605-FR-02-min.png 1684w\" sizes=\"auto, (max-width: 730px) 100vw, 730px\" \/>\n<h1>ARMOIRES DE COUPURE \u00c9VOLUTIVES<\/h1>\n<a href=\"https:\/\/#\" > D\u00e9couvrez ormapack <\/a><!--\/themify_builder_static-->","protected":false},"excerpt":{"rendered":"<p>Armoires de Coupure \u00c9volutives ORMAPACK \u2013 La Solution Modulaire pour R\u00e9seaux HTA Souterrains Ruraux D\u00e9couvrir ORMAPACK ARMOIRES DE COUPURE\u00c9VOLUTIVES ormapack Armoires de coupureet de raccordement\u00e9volutives pourr\u00e9seaux souterrainsruraux HTA \u00a0 Armoires de Coupure \u00c9volutives ORMAPACK La Solution Modulaire pour R\u00e9seaux HTA Souterrains Ruraux ARMOIRES DE COUPURE\u00c9VOLUTIVES ormapack Armoires de coupureet de raccordement\u00e9volutives pourr\u00e9seaux souterrainsruraux HTA \u00a0 [&hellip;]<\/p>\n","protected":false},"author":2,"featured_media":0,"parent":0,"menu_order":0,"comment_status":"closed","ping_status":"closed","template":"","meta":{"footnotes":""},"class_list":["post-91","page","type-page","status-publish","hentry","has-post-title","has-post-date","has-post-category","has-post-tag","has-post-comment","has-post-author",""],"builder_content":"<h1 style=\"text-align: center;\">Armoires de Coupure \u00c9volutives ORMAPACK \u2013 La Solution Modulaire pour R\u00e9seaux HTA Souterrains Ruraux<\/h1>\n<a href=\"https:\/#\" > D\u00e9couvrir ORMAPACK <\/a>\n<h4>ARMOIRES DE COUPURE<br>\u00c9VOLUTIVES<\/h4> <h1>ormapack<\/h1> <h2>Armoires de coupure<br>et de raccordement<br>\u00e9volutives pour<br>r\u00e9seaux souterrains<br>ruraux HTA<\/h2>\n<img loading=\"lazy\" decoding=\"async\" src=\"https:\/\/ormazabal.rendemy.com\/wp-content\/uploads\/2025\/10\/1CA-605-FR-02-min-1-1024x1020-730x727.png\" width=\"730\" height=\"727\" title=\"1#CA-605-FR-02-min\" alt=\"1#CA-605-FR-02-min\" srcset=\"https:\/\/ormazabal.rendemy.com\/wp-content\/uploads\/2025\/10\/1CA-605-FR-02-min-1-1024x1020-730x727.png 730w, https:\/\/ormazabal.rendemy.com\/wp-content\/uploads\/2025\/10\/1CA-605-FR-02-min-1-300x300.png 300w, https:\/\/ormazabal.rendemy.com\/wp-content\/uploads\/2025\/10\/1CA-605-FR-02-min-1-1024x1020.png 1024w, https:\/\/ormazabal.rendemy.com\/wp-content\/uploads\/2025\/10\/1CA-605-FR-02-min-1-150x150.png 150w, https:\/\/ormazabal.rendemy.com\/wp-content\/uploads\/2025\/10\/1CA-605-FR-02-min-1-768x765.png 768w, https:\/\/ormazabal.rendemy.com\/wp-content\/uploads\/2025\/10\/1CA-605-FR-02-min-1-1536x1530.png 1536w, https:\/\/ormazabal.rendemy.com\/wp-content\/uploads\/2025\/10\/1CA-605-FR-02-min-1.png 1757w\" sizes=\"auto, (max-width: 730px) 100vw, 730px\" \/>\n<h1>\u00a0<\/h1>\n<h2>Armoires de Coupure \u00c9volutives ORMAPACK<\/h2>\n<a href=\"https:\/\/#\" > La Solution Modulaire pour R\u00e9seaux HTA Souterrains Ruraux <\/a>\n<h4>ARMOIRES DE COUPURE<br>\u00c9VOLUTIVES<\/h4> <h1>ormapack<\/h1> <h2>Armoires de coupure<br>et de raccordement<br>\u00e9volutives pour<br>r\u00e9seaux souterrains<br>ruraux HTA<\/h2>\n<img loading=\"lazy\" decoding=\"async\" src=\"https:\/\/ormazabal.rendemy.com\/wp-content\/uploads\/2025\/10\/2CA-605-FR-02-min-1-1020x1024-730x732.png\" width=\"730\" height=\"732\" title=\"2#CA-605-FR-02-min\" alt=\"2#CA-605-FR-02-min\" srcset=\"https:\/\/ormazabal.rendemy.com\/wp-content\/uploads\/2025\/10\/2CA-605-FR-02-min-1-1020x1024-730x732.png 730w, https:\/\/ormazabal.rendemy.com\/wp-content\/uploads\/2025\/10\/2CA-605-FR-02-min-1-300x300.png 300w, https:\/\/ormazabal.rendemy.com\/wp-content\/uploads\/2025\/10\/2CA-605-FR-02-min-1-1020x1024.png 1020w, https:\/\/ormazabal.rendemy.com\/wp-content\/uploads\/2025\/10\/2CA-605-FR-02-min-1-150x150.png 150w, https:\/\/ormazabal.rendemy.com\/wp-content\/uploads\/2025\/10\/2CA-605-FR-02-min-1-768x771.png 768w, https:\/\/ormazabal.rendemy.com\/wp-content\/uploads\/2025\/10\/2CA-605-FR-02-min-1.png 1527w\" sizes=\"auto, (max-width: 730px) 100vw, 730px\" \/>\n<h1>\u00a0<\/h1>\n<h2>Enveloppe en b\u00e9ton fibr\u00e9 avec toit m\u00e9tallique<\/h2>\n<a href=\"https:\/\/#\" > D\u00e9couvrez ormapack <\/a>\n<h4>ARMOIRES DE COUPURE<br>\u00c9VOLUTIVES<\/h4> <h1>ormapack<\/h1> <h2>Conception<\/h2> <ol> <li> <h3>Enveloppe b\u00e9ton<\/h3> <\/li> <li> <h3>Portes d\u00b4acc\u00e8s<\/h3> <\/li> <li> <h3>Trous pour passage<\/h3> <h3>des c\u00e2bles<\/h3> <\/li> <li> <h3>Trottoir de manoeuvre<\/h3> <\/li> <li> <h3>Tableau HTA<\/h3> <\/li> <li> <h3>D\u00e9tecteur de d\u00e9faut HTA<\/h3> <\/li> <li> <h3>Coffret ITI<\/h3> <h3>(variante act et ac3t)<\/h3> <h3>ou coffret EMIS<\/h3> <\/li> <\/ol>\n<img loading=\"lazy\" decoding=\"async\" src=\"https:\/\/ormazabal.rendemy.com\/wp-content\/uploads\/2025\/10\/SENALSCA-605-FR-02-min-1024x1011-730x720.png\" width=\"730\" height=\"720\" title=\"-SE\u00d1ALSCA-605-FR-02-min\" alt=\"-SE\u00d1ALSCA-605-FR-02-min\" srcset=\"https:\/\/ormazabal.rendemy.com\/wp-content\/uploads\/2025\/10\/SENALSCA-605-FR-02-min-1024x1011-730x720.png 730w, https:\/\/ormazabal.rendemy.com\/wp-content\/uploads\/2025\/10\/SENALSCA-605-FR-02-min-300x296.png 300w, https:\/\/ormazabal.rendemy.com\/wp-content\/uploads\/2025\/10\/SENALSCA-605-FR-02-min-1024x1011.png 1024w, https:\/\/ormazabal.rendemy.com\/wp-content\/uploads\/2025\/10\/SENALSCA-605-FR-02-min-768x758.png 768w, https:\/\/ormazabal.rendemy.com\/wp-content\/uploads\/2025\/10\/SENALSCA-605-FR-02-min-1536x1516.png 1536w, https:\/\/ormazabal.rendemy.com\/wp-content\/uploads\/2025\/10\/SENALSCA-605-FR-02-min.png 1684w\" sizes=\"auto, (max-width: 730px) 100vw, 730px\" \/>\n<h1>ARMOIRES DE COUPURE \u00c9VOLUTIVES<\/h1>\n<a href=\"https:\/\/#\" > D\u00e9couvrez ormapack <\/a>","_links":{"self":[{"href":"https:\/\/ormazabal.rendemy.com\/index.php?rest_route=\/wp\/v2\/pages\/91","targetHints":{"allow":["GET"]}}],"collection":[{"href":"https:\/\/ormazabal.rendemy.com\/index.php?rest_route=\/wp\/v2\/pages"}],"about":[{"href":"https:\/\/ormazabal.rendemy.com\/index.php?rest_route=\/wp\/v2\/types\/page"}],"author":[{"embeddable":true,"href":"https:\/\/ormazabal.rendemy.com\/index.php?rest_route=\/wp\/v2\/users\/2"}],"replies":[{"embeddable":true,"href":"https:\/\/ormazabal.rendemy.com\/index.php?rest_route=%2Fwp%2Fv2%2Fcomments&post=91"}],"version-history":[{"count":90,"href":"https:\/\/ormazabal.rendemy.com\/index.php?rest_route=\/wp\/v2\/pages\/91\/revisions"}],"predecessor-version":[{"id":307,"href":"https:\/\/ormazabal.rendemy.com\/index.php?rest_route=\/wp\/v2\/pages\/91\/revisions\/307"}],"wp:attachment":[{"href":"https:\/\/ormazabal.rendemy.com\/index.php?rest_route=%2Fwp%2Fv2%2Fmedia&parent=91"}],"curies":[{"name":"wp","href":"https:\/\/api.w.org\/{rel}","templated":true}]}}